{"id":302,"date":"2020-09-25T08:09:56","date_gmt":"2020-09-25T08:09:56","guid":{"rendered":"https:\/\/horace.ase.ro\/dtic\/home\/"},"modified":"2025-06-10T16:19:07","modified_gmt":"2025-06-10T13:19:07","slug":"home","status":"publish","type":"page","link":"https:\/\/horace.ase.ro\/dtic\/","title":{"rendered":"Acas\u0103"},"content":{"rendered":"\t\t<div data-elementor-type=\"wp-page\" data-elementor-id=\"302\" class=\"elementor elementor-302\">\n\t\t\t\t\t\t<section class=\"elementor-section elementor-top-section elementor-element elementor-element-995c984 elementor-section-boxed elementor-section-height-default elementor-section-height-default\" data-id=\"995c984\" data-element_type=\"section\" data-settings=\"{&quot;background_background&quot;:&quot;classic&quot;}\">\n\t\t\t\t\t\t\t<div class=\"elementor-background-overlay\"><\/div>\n\t\t\t\t\t\t\t<div class=\"elementor-container elementor-column-gap-no\">\n\t\t\t\t\t<div class=\"elementor-column elementor-col-50 elementor-top-column elementor-element elementor-element-49e0ef8\" data-id=\"49e0ef8\" data-element_type=\"column\">\n\t\t\t<div class=\"elementor-widget-wrap elementor-element-populated\">\n\t\t\t\t\t\t<div class=\"elementor-element elementor-element-5b9631a elementor-widget elementor-widget-heading\" data-id=\"5b9631a\" data-element_type=\"widget\" data-widget_type=\"heading.default\">\n\t\t\t\t<div class=\"elementor-widget-container\">\n\t\t\t\t\t<h4 class=\"elementor-heading-title elementor-size-default\">Servicii IT,\nDezvoltare,\nComunica\u021bii.<\/h4>\t\t\t\t<\/div>\n\t\t\t\t<\/div>\n\t\t\t\t\t<\/div>\n\t\t<\/div>\n\t\t\t\t<div class=\"elementor-column elementor-col-50 elementor-top-column elementor-element elementor-element-8da6390\" data-id=\"8da6390\" data-element_type=\"column\">\n\t\t\t<div class=\"elementor-widget-wrap elementor-element-populated\">\n\t\t\t\t\t\t<div class=\"elementor-element elementor-element-48a2890 elementor-widget elementor-widget-image\" data-id=\"48a2890\" data-element_type=\"widget\" data-widget_type=\"image.default\">\n\t\t\t\t<div class=\"elementor-widget-container\">\n\t\t\t\t\t\t\t\t\t\t\t\t\t\t\t<img fetchpriority=\"high\" decoding=\"async\" width=\"768\" height=\"768\" src=\"https:\/\/horace.ase.ro\/dtic\/wp-content\/uploads\/2023\/04\/Hero-768x768.png\" class=\"attachment-medium_large size-medium_large wp-image-468\" alt=\"\" srcset=\"https:\/\/horace.ase.ro\/dtic\/wp-content\/uploads\/2023\/04\/Hero-768x768.png 768w, https:\/\/horace.ase.ro\/dtic\/wp-content\/uploads\/2023\/04\/Hero-300x300.png 300w, https:\/\/horace.ase.ro\/dtic\/wp-content\/uploads\/2023\/04\/Hero-150x150.png 150w, https:\/\/horace.ase.ro\/dtic\/wp-content\/uploads\/2023\/04\/Hero.png 1024w\" sizes=\"(max-width: 768px) 100vw, 768px\" \/>\t\t\t\t\t\t\t\t\t\t\t\t\t\t\t<\/div>\n\t\t\t\t<\/div>\n\t\t\t\t\t<\/div>\n\t\t<\/div>\n\t\t\t\t\t<\/div>\n\t\t<\/section>\n\t\t\t\t<section class=\"elementor-section elementor-top-section elementor-element elementor-element-95dcc0f elementor-section-boxed elementor-section-height-default elementor-section-height-default\" data-id=\"95dcc0f\" data-element_type=\"section\">\n\t\t\t\t\t\t<div class=\"elementor-container elementor-column-gap-default\">\n\t\t\t\t\t<div class=\"elementor-column elementor-col-100 elementor-top-column elementor-element elementor-element-2d6b20a\" data-id=\"2d6b20a\" data-element_type=\"column\">\n\t\t\t<div class=\"elementor-widget-wrap elementor-element-populated\">\n\t\t\t\t\t\t<div class=\"elementor-element elementor-element-33a1d2f elementor-widget-divider--view-line_text elementor-widget-divider--element-align-center elementor-widget elementor-widget-divider\" data-id=\"33a1d2f\" data-element_type=\"widget\" data-widget_type=\"divider.default\">\n\t\t\t\t<div class=\"elementor-widget-container\">\n\t\t\t\t\t\t\t<div class=\"elementor-divider\">\n\t\t\t<span class=\"elementor-divider-separator\">\n\t\t\t\t\t\t\t<h1 class=\"elementor-divider__text elementor-divider__element\">\n\t\t\t\tServicii\t\t\t\t<\/h1>\n\t\t\t\t\t\t<\/span>\n\t\t<\/div>\n\t\t\t\t\t\t<\/div>\n\t\t\t\t<\/div>\n\t\t\t\t\t<\/div>\n\t\t<\/div>\n\t\t\t\t\t<\/div>\n\t\t<\/section>\n\t\t\t\t<section class=\"elementor-section elementor-top-section elementor-element elementor-element-44422ad elementor-section-boxed elementor-section-height-default elementor-section-height-default\" data-id=\"44422ad\" data-element_type=\"section\">\n\t\t\t\t\t\t<div class=\"elementor-container elementor-column-gap-default\">\n\t\t\t\t\t<div class=\"elementor-column elementor-col-16 elementor-top-column elementor-element elementor-element-6cfc423\" data-id=\"6cfc423\" data-element_type=\"column\">\n\t\t\t<div class=\"elementor-widget-wrap elementor-element-populated\">\n\t\t\t\t\t\t<div class=\"elementor-element elementor-element-dac7230 elementor-widget elementor-widget-button\" data-id=\"dac7230\" data-element_type=\"widget\" data-widget_type=\"button.default\">\n\t\t\t\t<div class=\"elementor-widget-container\">\n\t\t\t\t\t\t\t\t\t<div class=\"elementor-button-wrapper\">\n\t\t\t\t\t<a class=\"elementor-button elementor-button-link elementor-size-sm elementor-animation-wobble-horizontal\" href=\"https:\/\/horace.ase.ro\/dtic\/cont-nou-angajat\/\">\n\t\t\t\t\t\t<span class=\"elementor-button-content-wrapper\">\n\t\t\t\t\t\t<span class=\"elementor-button-icon\">\n\t\t\t\t<i aria-hidden=\"true\" class=\"fas fa-external-link-alt\"><\/i>\t\t\t<\/span>\n\t\t\t\t\t\t\t\t\t<span class=\"elementor-button-text\">Solicitare cont nou angajat<\/span>\n\t\t\t\t\t<\/span>\n\t\t\t\t\t<\/a>\n\t\t\t\t<\/div>\n\t\t\t\t\t\t\t\t<\/div>\n\t\t\t\t<\/div>\n\t\t\t\t\t<\/div>\n\t\t<\/div>\n\t\t\t\t<div class=\"elementor-column elementor-col-16 elementor-top-column elementor-element elementor-element-cc09c3f\" data-id=\"cc09c3f\" data-element_type=\"column\">\n\t\t\t<div class=\"elementor-widget-wrap elementor-element-populated\">\n\t\t\t\t\t\t<div class=\"elementor-element elementor-element-b0d05d2 elementor-widget elementor-widget-button\" data-id=\"b0d05d2\" data-element_type=\"widget\" data-widget_type=\"button.default\">\n\t\t\t\t<div class=\"elementor-widget-container\">\n\t\t\t\t\t\t\t\t\t<div class=\"elementor-button-wrapper\">\n\t\t\t\t\t<a class=\"elementor-button elementor-button-link elementor-size-sm elementor-animation-wobble-horizontal\" href=\"https:\/\/horace.ase.ro\/dtic\/cont-nou-cadru-didactic-asociat\/\">\n\t\t\t\t\t\t<span class=\"elementor-button-content-wrapper\">\n\t\t\t\t\t\t<span class=\"elementor-button-icon\">\n\t\t\t\t<i aria-hidden=\"true\" class=\"fas fa-external-link-alt\"><\/i>\t\t\t<\/span>\n\t\t\t\t\t\t\t\t\t<span class=\"elementor-button-text\">Solicitare cont nou cadru didactic asociat<\/span>\n\t\t\t\t\t<\/span>\n\t\t\t\t\t<\/a>\n\t\t\t\t<\/div>\n\t\t\t\t\t\t\t\t<\/div>\n\t\t\t\t<\/div>\n\t\t\t\t\t<\/div>\n\t\t<\/div>\n\t\t\t\t<div class=\"elementor-column elementor-col-16 elementor-top-column elementor-element elementor-element-d404e08\" data-id=\"d404e08\" data-element_type=\"column\">\n\t\t\t<div class=\"elementor-widget-wrap elementor-element-populated\">\n\t\t\t\t\t\t<div class=\"elementor-element elementor-element-8db4f8f elementor-widget elementor-widget-button\" data-id=\"8db4f8f\" data-element_type=\"widget\" data-widget_type=\"button.default\">\n\t\t\t\t<div class=\"elementor-widget-container\">\n\t\t\t\t\t\t\t\t\t<div class=\"elementor-button-wrapper\">\n\t\t\t\t\t<a class=\"elementor-button elementor-button-link elementor-size-sm elementor-animation-wobble-horizontal\" href=\"https:\/\/horace.ase.ro\/dtic\/formular-webhosting\/\">\n\t\t\t\t\t\t<span class=\"elementor-button-content-wrapper\">\n\t\t\t\t\t\t<span class=\"elementor-button-icon\">\n\t\t\t\t<i aria-hidden=\"true\" class=\"fas fa-external-link-alt\"><\/i>\t\t\t<\/span>\n\t\t\t\t\t\t\t\t\t<span class=\"elementor-button-text\">Formular webhosting<\/span>\n\t\t\t\t\t<\/span>\n\t\t\t\t\t<\/a>\n\t\t\t\t<\/div>\n\t\t\t\t\t\t\t\t<\/div>\n\t\t\t\t<\/div>\n\t\t\t\t\t<\/div>\n\t\t<\/div>\n\t\t\t\t<div class=\"elementor-column elementor-col-16 elementor-top-column elementor-element elementor-element-612c2f5\" data-id=\"612c2f5\" data-element_type=\"column\">\n\t\t\t<div class=\"elementor-widget-wrap elementor-element-populated\">\n\t\t\t\t\t\t<div class=\"elementor-element elementor-element-f5a4d6f elementor-widget elementor-widget-button\" data-id=\"f5a4d6f\" data-element_type=\"widget\" data-widget_type=\"button.default\">\n\t\t\t\t<div class=\"elementor-widget-container\">\n\t\t\t\t\t\t\t\t\t<div class=\"elementor-button-wrapper\">\n\t\t\t\t\t<a class=\"elementor-button elementor-button-link elementor-size-sm elementor-animation-wobble-horizontal\" href=\"https:\/\/horace.ase.ro\/dtic\/vpn\/\">\n\t\t\t\t\t\t<span class=\"elementor-button-content-wrapper\">\n\t\t\t\t\t\t<span class=\"elementor-button-icon\">\n\t\t\t\t<i aria-hidden=\"true\" class=\"fas fa-external-link-alt\"><\/i>\t\t\t<\/span>\n\t\t\t\t\t\t\t\t\t<span class=\"elementor-button-text\">Serviciul VPN<\/span>\n\t\t\t\t\t<\/span>\n\t\t\t\t\t<\/a>\n\t\t\t\t<\/div>\n\t\t\t\t\t\t\t\t<\/div>\n\t\t\t\t<\/div>\n\t\t\t\t\t<\/div>\n\t\t<\/div>\n\t\t\t\t<div class=\"elementor-column elementor-col-16 elementor-top-column elementor-element elementor-element-7c6d1fb\" data-id=\"7c6d1fb\" data-element_type=\"column\">\n\t\t\t<div class=\"elementor-widget-wrap elementor-element-populated\">\n\t\t\t\t\t\t<div class=\"elementor-element elementor-element-769685e elementor-widget elementor-widget-button\" data-id=\"769685e\" data-element_type=\"widget\" data-widget_type=\"button.default\">\n\t\t\t\t<div class=\"elementor-widget-container\">\n\t\t\t\t\t\t\t\t\t<div class=\"elementor-button-wrapper\">\n\t\t\t\t\t<a class=\"elementor-button elementor-button-link elementor-size-sm elementor-animation-wobble-horizontal\" href=\"http:\/\/fpo.ase.ro\">\n\t\t\t\t\t\t<span class=\"elementor-button-content-wrapper\">\n\t\t\t\t\t\t<span class=\"elementor-button-icon\">\n\t\t\t\t<i aria-hidden=\"true\" class=\"fas fa-external-link-alt\"><\/i>\t\t\t<\/span>\n\t\t\t\t\t\t\t\t\t<span class=\"elementor-button-text\">Raportare plata cu ora<\/span>\n\t\t\t\t\t<\/span>\n\t\t\t\t\t<\/a>\n\t\t\t\t<\/div>\n\t\t\t\t\t\t\t\t<\/div>\n\t\t\t\t<\/div>\n\t\t\t\t\t<\/div>\n\t\t<\/div>\n\t\t\t\t<div class=\"elementor-column elementor-col-16 elementor-top-column elementor-element elementor-element-d73b290\" data-id=\"d73b290\" data-element_type=\"column\">\n\t\t\t<div class=\"elementor-widget-wrap elementor-element-populated\">\n\t\t\t\t\t\t<div class=\"elementor-element elementor-element-2872fde elementor-widget elementor-widget-button\" data-id=\"2872fde\" data-element_type=\"widget\" data-widget_type=\"button.default\">\n\t\t\t\t<div class=\"elementor-widget-container\">\n\t\t\t\t\t\t\t\t\t<div class=\"elementor-button-wrapper\">\n\t\t\t\t\t<a class=\"elementor-button elementor-button-link elementor-size-sm elementor-animation-wobble-horizontal\" href=\"https:\/\/horace.ase.ro\/dtic\/tutoriale-instructiuni\/\">\n\t\t\t\t\t\t<span class=\"elementor-button-content-wrapper\">\n\t\t\t\t\t\t<span class=\"elementor-button-icon\">\n\t\t\t\t<i aria-hidden=\"true\" class=\"fas fa-external-link-alt\"><\/i>\t\t\t<\/span>\n\t\t\t\t\t\t\t\t\t<span class=\"elementor-button-text\">Tutoriale<\/span>\n\t\t\t\t\t<\/span>\n\t\t\t\t\t<\/a>\n\t\t\t\t<\/div>\n\t\t\t\t\t\t\t\t<\/div>\n\t\t\t\t<\/div>\n\t\t\t\t\t<\/div>\n\t\t<\/div>\n\t\t\t\t\t<\/div>\n\t\t<\/section>\n\t\t\t\t<section class=\"elementor-section elementor-top-section elementor-element elementor-element-0a9a499 elementor-section-boxed elementor-section-height-default elementor-section-height-default\" data-id=\"0a9a499\" data-element_type=\"section\">\n\t\t\t\t\t\t<div class=\"elementor-container elementor-column-gap-default\">\n\t\t\t\t\t<div class=\"elementor-column elementor-col-100 elementor-top-column elementor-element elementor-element-15c2f65\" data-id=\"15c2f65\" data-element_type=\"column\">\n\t\t\t<div class=\"elementor-widget-wrap elementor-element-populated\">\n\t\t\t\t\t\t<div class=\"elementor-element elementor-element-83a04e7 elementor-widget-divider--view-line elementor-widget elementor-widget-divider\" data-id=\"83a04e7\" data-element_type=\"widget\" data-widget_type=\"divider.default\">\n\t\t\t\t<div class=\"elementor-widget-container\">\n\t\t\t\t\t\t\t<div class=\"elementor-divider\">\n\t\t\t<span class=\"elementor-divider-separator\">\n\t\t\t\t\t\t<\/span>\n\t\t<\/div>\n\t\t\t\t\t\t<\/div>\n\t\t\t\t<\/div>\n\t\t\t\t\t<\/div>\n\t\t<\/div>\n\t\t\t\t\t<\/div>\n\t\t<\/section>\n\t\t\t\t<section class=\"elementor-section elementor-top-section elementor-element elementor-element-55acee3 elementor-section-boxed elementor-section-height-default elementor-section-height-default\" data-id=\"55acee3\" data-element_type=\"section\">\n\t\t\t\t\t\t<div class=\"elementor-container elementor-column-gap-default\">\n\t\t\t\t\t<div class=\"elementor-column elementor-col-50 elementor-top-column elementor-element elementor-element-c7be8a8\" data-id=\"c7be8a8\" data-element_type=\"column\">\n\t\t\t<div class=\"elementor-widget-wrap elementor-element-populated\">\n\t\t\t\t\t\t<div class=\"elementor-element elementor-element-f3c706f elementor-widget elementor-widget-heading\" data-id=\"f3c706f\" data-element_type=\"widget\" data-widget_type=\"heading.default\">\n\t\t\t\t<div class=\"elementor-widget-container\">\n\t\t\t\t\t<h2 class=\"elementor-heading-title elementor-size-default\">Nout\u0103\u021bi<\/h2>\t\t\t\t<\/div>\n\t\t\t\t<\/div>\n\t\t\t\t<div class=\"elementor-element elementor-element-0ece5fe elementor-widget elementor-widget-wp-widget-rss\" data-id=\"0ece5fe\" data-element_type=\"widget\" data-widget_type=\"wp-widget-rss.default\">\n\t\t\t\t<div class=\"elementor-widget-container\">\n\t\t\t\t\t<h5><a class=\"rsswidget rss-widget-feed\" href=\"https:\/\/www.gov.ro\/ro\/rss\"><img decoding=\"async\" class=\"rss-widget-icon\" style=\"border:0\" width=\"14\" height=\"14\" src=\"https:\/\/horace.ase.ro\/dtic\/wp-includes\/images\/rss.png\" alt=\"RSS\" \/><\/a> <a class=\"rsswidget rss-widget-title\" href=\"http:\/\/www.gov.ro\/\">RSS &#8211; Guvernul Rom\u00e2niei<\/a><\/h5><nav aria-label=\"RSS &#8211; Guvernul Rom\u00e2niei\"><ul><li><a class='rsswidget' href='https:\/\/gov.ro\/ro\/stiri\/mesajul-premierului-ilie-bolojan-cu-prilejul-zilei-independentei-nationale-a-romaniei'>Mesajul premierului Ilie Bolojan cu prilejul Zilei Independen\u021bei Na\u021bionale a Rom\u00e2niei - 10 mai<\/a> <span class=\"rss-date\">10 mai 2026<\/span><\/li><li><a class='rsswidget' href='https:\/\/gov.ro\/ro\/stiri\/premierul-ilie-bolojan-la-proiectul-centralei-termoelectrice-de-la-iernut'>Premierul Ilie Bolojan, la proiectul Centralei Termoelectrice de la Iernut<\/a> <span class=\"rss-date\">9 mai 2026<\/span><\/li><li><a class='rsswidget' href='https:\/\/gov.ro\/ro\/stiri\/institutul-inimii-din-targu-mure-va-avea-un-nou-sediu-construit-cu-finantare-din-planul-national-de-redresare-i-rezilienta'>Institutul Inimii din T\u00e2rgu Mure\u0219 va avea un nou sediu construit cu finan\u021bare din Planul Na\u021bional de Redresare \u0219i Rezilien\u021b\u0103<\/a> <span class=\"rss-date\">9 mai 2026<\/span><\/li><li><a class='rsswidget' href='https:\/\/gov.ro\/ro\/stiri\/palatul-victoria-iluminat-de-ziua-europei-2026-in-culorile-uniunii-europene'>Palatul Victoria, iluminat de Ziua Europei 2026 \u00een culorile Uniunii Europene<\/a> <span class=\"rss-date\">9 mai 2026<\/span><\/li><li><a class='rsswidget' href='https:\/\/gov.ro\/ro\/stiri\/memorandum-adoptat-de-guvern-privind-sngn-romgaz-sa'>Memorandum adoptat de Guvern privind SNGN ROMGAZ SA<\/a> <span class=\"rss-date\">8 mai 2026<\/span><\/li><\/ul><\/nav>\t\t\t\t<\/div>\n\t\t\t\t<\/div>\n\t\t\t\t\t<\/div>\n\t\t<\/div>\n\t\t\t\t<div class=\"elementor-column elementor-col-50 elementor-top-column elementor-element elementor-element-b28fbbf\" data-id=\"b28fbbf\" data-element_type=\"column\">\n\t\t\t<div class=\"elementor-widget-wrap elementor-element-populated\">\n\t\t\t\t\t\t<div class=\"elementor-element elementor-element-d3df326 elementor-widget elementor-widget-heading\" data-id=\"d3df326\" data-element_type=\"widget\" data-widget_type=\"heading.default\">\n\t\t\t\t<div class=\"elementor-widget-container\">\n\t\t\t\t\t<h2 class=\"elementor-heading-title elementor-size-default\">Anun\u021buri<\/h2>\t\t\t\t<\/div>\n\t\t\t\t<\/div>\n\t\t\t\t<div class=\"elementor-element elementor-element-730b5f1 elementor-grid-eael-col-1 elementor-grid-tablet-eael-col-2 elementor-grid-mobile-eael-col-1 elementor-widget elementor-widget-eael-post-grid\" data-id=\"730b5f1\" data-element_type=\"widget\" data-settings=\"{&quot;eael_post_grid_columns&quot;:&quot;eael-col-1&quot;,&quot;eael_post_grid_columns_tablet&quot;:&quot;eael-col-2&quot;,&quot;eael_post_grid_columns_mobile&quot;:&quot;eael-col-1&quot;}\" data-widget_type=\"eael-post-grid.default\">\n\t\t\t\t<div class=\"elementor-widget-container\">\n\t\t\t\t\t<div id=\"eael-post-grid-730b5f1\" class=\"eael-post-grid-container\">\n            <div class=\"eael-post-grid eael-post-appender eael-post-appender-730b5f1 eael-post-grid-style-one\" data-layout-mode=\"grid\"><article class=\"eael-grid-post eael-post-grid-column\" data-id=\"746\">\n        <div class=\"eael-grid-post-holder\">\n            <div class=\"eael-grid-post-holder-inner\"><div class=\"eael-entry-wrapper\"><header class=\"eael-entry-header\"><h3 class=\"eael-entry-title\"><a class=\"eael-grid-post-link\" href=\"https:\/\/horace.ase.ro\/dtic\/test-3\/\" title=\"DNSC avertizeaz\u0103 asupra riscului de fraud\u0103 prin apeluri telefonice false (spoofed)\">DNSC avertizeaz\u0103 asupra riscului de fraud\u0103 prin apeluri telefonice false (spoofed)<\/a><\/h3><\/header><div class=\"eael-entry-header-after\"><div class=\"eael-entry-meta\"><span class=\"eael-posted-on\"><time datetime=\"10 iunie 2025\">10 iunie 2025<\/time><\/span><\/div><\/div><div class=\"eael-entry-content\">\n                        <div class=\"eael-grid-post-excerpt\"><p>Directoratul Na\u021bional de Securitate Cibernetic\u0103 (DNSC),\u00a0Poli\u021bia Rom\u00e2n\u0103\u00a0\u0219i\u00a0Asocia\u021bia Rom\u00e2n\u0103 a B\u0103ncilor (ARB)\u00a0atrag aten\u021bia, prin intermediul proiectului na\u021bional de con\u0219tientizare\u00a0#SigurantaOnline, asupra cre\u0219terii...<\/p><a href=\"https:\/\/horace.ase.ro\/dtic\/test-3\/\" class=\"eael-post-elements-readmore-btn\">Citeste mai multe<\/a><\/div>\n                    <\/div><\/div><\/div>\n        <\/div>\n    <\/article><\/div>\n            <div class=\"clearfix\"><\/div>\n        <\/div>\t\t\t\t<\/div>\n\t\t\t\t<\/div>\n\t\t\t\t\t<\/div>\n\t\t<\/div>\n\t\t\t\t\t<\/div>\n\t\t<\/section>\n\t\t\t\t<\/div>\n\t\t","protected":false},"excerpt":{"rendered":"<p>Servicii IT, Dezvoltare, Comunica\u021bii. Servicii Solicitare cont nou angajat Solicitare cont nou cadru didactic asociat Formular webhosting Serviciul VPN Raportare plata cu ora Tutoriale Nout\u0103\u021bi Anun\u021buri DNSC avertizeaz\u0103 asupra riscului de fraud\u0103 prin apeluri telefonice false (spoofed) 10 iunie 2025 Directoratul Na\u021bional de Securitate Cibernetic\u0103 (DNSC),\u00a0Poli\u021bia Rom\u00e2n\u0103\u00a0\u0219i\u00a0Asocia\u021bia Rom\u00e2n\u0103 a B\u0103ncilor (ARB)\u00a0atrag aten\u021bia, prin intermediul proiectului [&hellip;]<\/p>\n","protected":false},"author":1,"featured_media":0,"parent":0,"menu_order":0,"comment_status":"closed","ping_status":"closed","template":"","meta":{"site-sidebar-layout":"no-sidebar","site-content-layout":"page-builder","ast-site-content-layout":"","site-content-style":"default","site-sidebar-style":"default","ast-global-header-display":"","ast-banner-title-visibility":"","ast-main-header-display":"","ast-hfb-above-header-display":"","ast-hfb-below-header-display":"","ast-hfb-mobile-header-display":"","site-post-title":"disabled","ast-breadcrumbs-content":"","ast-featured-img":"disabled","footer-sml-layout":"","theme-transparent-header-meta":"enabled","adv-header-id-meta":"","stick-header-meta":"","header-above-stick-meta":"","header-main-stick-meta":"","header-below-stick-meta":"","astra-migrate-meta-layouts":"default","ast-page-background-enabled":"default","ast-page-background-meta":{"desktop":{"background-color":"","background-image":"","background-repeat":"repeat","background-position":"center center","background-size":"auto","background-attachment":"scroll","background-type":"","background-media":"","overlay-type":"","overlay-color":"","overlay-opacity":"","overlay-gradient":""},"tablet":{"background-color":"","background-image":"","background-repeat":"repeat","background-position":"center center","background-size":"auto","background-attachment":"scroll","background-type":"","background-media":"","overlay-type":"","overlay-color":"","overlay-opacity":"","overlay-gradient":""},"mobile":{"background-color":"","background-image":"","background-repeat":"repeat","background-position":"center center","background-size":"auto","background-attachment":"scroll","background-type":"","background-media":"","overlay-type":"","overlay-color":"","overlay-opacity":"","overlay-gradient":""}},"ast-content-background-meta":{"desktop":{"background-color":"var(--ast-global-color-5)","background-image":"","background-repeat":"repeat","background-position":"center center","background-size":"auto","background-attachment":"scroll","background-type":"","background-media":"","overlay-type":"","overlay-color":"","overlay-opacity":"","overlay-gradient":""},"tablet":{"background-color":"var(--ast-global-color-5)","background-image":"","background-repeat":"repeat","background-position":"center center","background-size":"auto","background-attachment":"scroll","background-type":"","background-media":"","overlay-type":"","overlay-color":"","overlay-opacity":"","overlay-gradient":""},"mobile":{"background-color":"var(--ast-global-color-5)","background-image":"","background-repeat":"repeat","background-position":"center center","background-size":"auto","background-attachment":"scroll","background-type":"","background-media":"","overlay-type":"","overlay-color":"","overlay-opacity":"","overlay-gradient":""}},"footnotes":""},"class_list":["post-302","page","type-page","status-publish","hentry"],"_links":{"self":[{"href":"https:\/\/horace.ase.ro\/dtic\/wp-json\/wp\/v2\/pages\/302","targetHints":{"allow":["GET"]}}],"collection":[{"href":"https:\/\/horace.ase.ro\/dtic\/wp-json\/wp\/v2\/pages"}],"about":[{"href":"https:\/\/horace.ase.ro\/dtic\/wp-json\/wp\/v2\/types\/page"}],"author":[{"embeddable":true,"href":"https:\/\/horace.ase.ro\/dtic\/wp-json\/wp\/v2\/users\/1"}],"replies":[{"embeddable":true,"href":"https:\/\/horace.ase.ro\/dtic\/wp-json\/wp\/v2\/comments?post=302"}],"version-history":[{"count":398,"href":"https:\/\/horace.ase.ro\/dtic\/wp-json\/wp\/v2\/pages\/302\/revisions"}],"predecessor-version":[{"id":1689,"href":"https:\/\/horace.ase.ro\/dtic\/wp-json\/wp\/v2\/pages\/302\/revisions\/1689"}],"wp:attachment":[{"href":"https:\/\/horace.ase.ro\/dtic\/wp-json\/wp\/v2\/media?parent=302"}],"curies":[{"name":"wp","href":"https:\/\/api.w.org\/{rel}","templated":true}]}}