{"id":1445,"date":"2025-01-13T16:09:07","date_gmt":"2025-01-13T13:09:07","guid":{"rendered":"https:\/\/horace.ase.ro\/dtic\/?page_id=1445"},"modified":"2025-01-13T16:43:51","modified_gmt":"2025-01-13T13:43:51","slug":"retele","status":"publish","type":"page","link":"https:\/\/horace.ase.ro\/dtic\/retele\/","title":{"rendered":"Serviciul Retele"},"content":{"rendered":"\t\t<div data-elementor-type=\"wp-page\" data-elementor-id=\"1445\" class=\"elementor elementor-1445\">\n\t\t\t\t\t\t<section class=\"elementor-section elementor-top-section elementor-element elementor-element-0e5d12c elementor-section-boxed elementor-section-height-default elementor-section-height-default\" data-id=\"0e5d12c\" data-element_type=\"section\" data-settings=\"{&quot;background_background&quot;:&quot;classic&quot;}\">\n\t\t\t\t\t\t\t<div class=\"elementor-background-overlay\"><\/div>\n\t\t\t\t\t\t\t<div class=\"elementor-container elementor-column-gap-no\">\n\t\t\t\t\t<div class=\"elementor-column elementor-col-100 elementor-top-column elementor-element elementor-element-9113d3f\" data-id=\"9113d3f\" data-element_type=\"column\">\n\t\t\t<div class=\"elementor-widget-wrap elementor-element-populated\">\n\t\t\t\t\t\t<div class=\"elementor-element elementor-element-08c99f2 elementor-widget elementor-widget-heading\" data-id=\"08c99f2\" data-element_type=\"widget\" data-widget_type=\"heading.default\">\n\t\t\t\t<div class=\"elementor-widget-container\">\n\t\t\t\t\t<h1 class=\"elementor-heading-title elementor-size-default\">Serviciul Retele<\/h1>\t\t\t\t<\/div>\n\t\t\t\t<\/div>\n\t\t\t\t\t<\/div>\n\t\t<\/div>\n\t\t\t\t\t<\/div>\n\t\t<\/section>\n\t\t\t\t<section class=\"elementor-section elementor-top-section elementor-element elementor-element-837cad5 elementor-section-boxed elementor-section-height-default elementor-section-height-default\" data-id=\"837cad5\" data-element_type=\"section\">\n\t\t\t\t\t\t<div class=\"elementor-container elementor-column-gap-default\">\n\t\t\t\t\t<div class=\"elementor-column elementor-col-50 elementor-top-column elementor-element elementor-element-a5cf3d3\" data-id=\"a5cf3d3\" data-element_type=\"column\">\n\t\t\t<div class=\"elementor-widget-wrap elementor-element-populated\">\n\t\t\t\t\t\t<div class=\"elementor-element elementor-element-773cca6 elementor-widget elementor-widget-text-editor\" data-id=\"773cca6\" data-element_type=\"widget\" data-widget_type=\"text-editor.default\">\n\t\t\t\t<div class=\"elementor-widget-container\">\n\t\t\t\t\t\t\t\t\t<p style=\"text-align: center;\"><span style=\"color: #000000;\">Mediul IT din cadrul Academiei a fost, este \u0219i va fi \u00eentotdeuna corelat cu necesit\u0103\u021bile procesului de \u00eenv\u0103\u021b\u0103m\u00e2nt, asigur\u00e2nd \u00een acest fel cre\u0219terea calit\u0103\u021bii \u0219i performan\u021bei acestuia din urm\u0103. Serviciul Re\u021bele \u0219i-a propus s\u0103 sus\u021bin\u0103 ne\u00eencetat eforturile Academiei de a r\u0103m\u00e2ne cea mai prestigioas\u0103 institu\u021bie de \u00eenv\u0103\u021b\u0103m\u00e2nt superior din Rom\u00e2nia \u0219i de a se califica printre primele institu\u021bii de \u00eenv\u0103\u021b\u0103m\u00e2nt superior din Europa.<\/span><\/p>\n<p style=\"text-align: center;\"><span style=\"color: #000000;\">\u00a0 \u00a0 \u00a0Serviciul Retele are obiectivul de a asigura un mediu IT performant si competitiv care sa asigure utilizatorilor sai (profesori, studenti, angajati) echipamentele si software-ul necesare desfasurarii activitatii precum si usurinta \u00een exploatare a acestora.<\/span><\/p>\n<p style=\"text-align: center;\"><span style=\"color: #000000;\">\u00a0 \u00a0 \u00a0Serviciul Retele si-a propus sa sustina neincetat eforturile Academiei de a ram\u00e2ne cea mai prestigioasa institutie de \u00eenvatam\u00e2nt superior din Rom\u00e2nia si de a se califica printre primele institutii de \u00eenvatam\u00e2nt superior din Europa.<\/span><\/p>\t\t\t\t\t\t\t\t<\/div>\n\t\t\t\t<\/div>\n\t\t\t\t\t<\/div>\n\t\t<\/div>\n\t\t\t\t<div class=\"elementor-column elementor-col-50 elementor-top-column elementor-element elementor-element-df9fb80\" data-id=\"df9fb80\" data-element_type=\"column\">\n\t\t\t<div class=\"elementor-widget-wrap elementor-element-populated\">\n\t\t\t\t\t\t<div class=\"elementor-element elementor-element-cd95e4b elementor-widget elementor-widget-image\" data-id=\"cd95e4b\" data-element_type=\"widget\" data-widget_type=\"image.default\">\n\t\t\t\t<div class=\"elementor-widget-container\">\n\t\t\t\t\t\t\t\t\t\t\t\t\t\t\t<img fetchpriority=\"high\" decoding=\"async\" width=\"1024\" height=\"1024\" src=\"https:\/\/horace.ase.ro\/dtic\/wp-content\/uploads\/2024\/05\/4ce54a48-3116-4314-b42a-9b376eb7a2af.webp\" class=\"attachment-large size-large wp-image-887\" alt=\"\" srcset=\"https:\/\/horace.ase.ro\/dtic\/wp-content\/uploads\/2024\/05\/4ce54a48-3116-4314-b42a-9b376eb7a2af.webp 1024w, https:\/\/horace.ase.ro\/dtic\/wp-content\/uploads\/2024\/05\/4ce54a48-3116-4314-b42a-9b376eb7a2af-300x300.webp 300w, https:\/\/horace.ase.ro\/dtic\/wp-content\/uploads\/2024\/05\/4ce54a48-3116-4314-b42a-9b376eb7a2af-150x150.webp 150w, https:\/\/horace.ase.ro\/dtic\/wp-content\/uploads\/2024\/05\/4ce54a48-3116-4314-b42a-9b376eb7a2af-768x768.webp 768w\" sizes=\"(max-width: 1024px) 100vw, 1024px\" \/>\t\t\t\t\t\t\t\t\t\t\t\t\t\t\t<\/div>\n\t\t\t\t<\/div>\n\t\t\t\t\t<\/div>\n\t\t<\/div>\n\t\t\t\t\t<\/div>\n\t\t<\/section>\n\t\t\t\t<section class=\"elementor-section elementor-top-section elementor-element elementor-element-ebb144b elementor-section-boxed elementor-section-height-default elementor-section-height-default\" data-id=\"ebb144b\" data-element_type=\"section\">\n\t\t\t\t\t\t<div class=\"elementor-container elementor-column-gap-default\">\n\t\t\t\t\t<div class=\"elementor-column elementor-col-100 elementor-top-column elementor-element elementor-element-7488503\" data-id=\"7488503\" data-element_type=\"column\">\n\t\t\t<div class=\"elementor-widget-wrap elementor-element-populated\">\n\t\t\t\t\t\t<div class=\"elementor-element elementor-element-3f545c0 elementor-widget-divider--view-line elementor-widget elementor-widget-divider\" data-id=\"3f545c0\" data-element_type=\"widget\" data-widget_type=\"divider.default\">\n\t\t\t\t<div class=\"elementor-widget-container\">\n\t\t\t\t\t\t\t<div class=\"elementor-divider\">\n\t\t\t<span class=\"elementor-divider-separator\">\n\t\t\t\t\t\t<\/span>\n\t\t<\/div>\n\t\t\t\t\t\t<\/div>\n\t\t\t\t<\/div>\n\t\t\t\t\t<\/div>\n\t\t<\/div>\n\t\t\t\t\t<\/div>\n\t\t<\/section>\n\t\t\t\t<section class=\"elementor-section elementor-top-section elementor-element elementor-element-7baf75b elementor-section-boxed elementor-section-height-default elementor-section-height-default\" data-id=\"7baf75b\" data-element_type=\"section\">\n\t\t\t\t\t\t<div class=\"elementor-container elementor-column-gap-default\">\n\t\t\t\t\t<div class=\"elementor-column elementor-col-100 elementor-top-column elementor-element elementor-element-f1299b8\" data-id=\"f1299b8\" data-element_type=\"column\">\n\t\t\t<div class=\"elementor-widget-wrap elementor-element-populated\">\n\t\t\t\t\t\t<div class=\"elementor-element elementor-element-76d070b elementor-view-default elementor-position-top elementor-mobile-position-top elementor-widget elementor-widget-icon-box\" data-id=\"76d070b\" data-element_type=\"widget\" data-widget_type=\"icon-box.default\">\n\t\t\t\t<div class=\"elementor-widget-container\">\n\t\t\t\t\t\t\t<div class=\"elementor-icon-box-wrapper\">\n\n\t\t\t\t\t\t<div class=\"elementor-icon-box-icon\">\n\t\t\t\t<span  class=\"elementor-icon\">\n\t\t\t\t<i aria-hidden=\"true\" class=\"fas fa-user-alt\"><\/i>\t\t\t\t<\/span>\n\t\t\t<\/div>\n\t\t\t\n\t\t\t\t\t\t<div class=\"elementor-icon-box-content\">\n\n\t\t\t\t\t\t\t\t\t<h3 class=\"elementor-icon-box-title\">\n\t\t\t\t\t\t<span  >\n\t\t\t\t\t\t\t\u0218ef Serviciu - Sorin Chiril\u0103\t\t\t\t\t\t<\/span>\n\t\t\t\t\t<\/h3>\n\t\t\t\t\n\t\t\t\t\n\t\t\t<\/div>\n\t\t\t\n\t\t<\/div>\n\t\t\t\t\t\t<\/div>\n\t\t\t\t<\/div>\n\t\t\t\t\t<\/div>\n\t\t<\/div>\n\t\t\t\t\t<\/div>\n\t\t<\/section>\n\t\t\t\t<section class=\"elementor-section elementor-top-section elementor-element elementor-element-f6aaa88 elementor-section-boxed elementor-section-height-default elementor-section-height-default\" data-id=\"f6aaa88\" data-element_type=\"section\">\n\t\t\t\t\t\t<div class=\"elementor-container elementor-column-gap-default\">\n\t\t\t\t\t<div class=\"elementor-column elementor-col-33 elementor-top-column elementor-element elementor-element-888ea9a\" data-id=\"888ea9a\" data-element_type=\"column\">\n\t\t\t<div class=\"elementor-widget-wrap elementor-element-populated\">\n\t\t\t\t\t\t<div class=\"elementor-element elementor-element-153ef98 elementor-widget elementor-widget-text-editor\" data-id=\"153ef98\" data-element_type=\"widget\" data-widget_type=\"text-editor.default\">\n\t\t\t\t<div class=\"elementor-widget-container\">\n\t\t\t\t\t\t\t\t\t<div class=\"elementor-element elementor-element-fcff565 elementor-widget elementor-widget-heading\" data-id=\"fcff565\" data-element_type=\"widget\" data-widget_type=\"heading.default\"><div class=\"elementor-widget-container\"><h4 class=\"elementor-heading-title elementor-size-default\">Compartimentul Suport Tehnic<\/h4><\/div><\/div><div class=\"elementor-element elementor-element-324d53e elementor-widget elementor-widget-text-editor\" data-id=\"324d53e\" data-element_type=\"widget\" data-widget_type=\"text-editor.default\"><div class=\"elementor-widget-container\"><p><span style=\"color: #000000;\">\u00a0 \u00a0 Are ca atributii:<\/span><\/p><ul><li><span style=\"color: #000000;\">acordarea de sprijin tehnic \u00een procesul de utilizare a re\u021belei interne a universit\u0103\u021bii<\/span><\/li><li><span style=\"color: #000000;\">asigurarea func\u021bion\u0103rii \u00een bune condi\u021bii a re\u021belei interne, a accesului la Internet \u0219i a configura\u021biei posturilor de lucru<\/span><\/li><\/ul><\/div><\/div>\t\t\t\t\t\t\t\t<\/div>\n\t\t\t\t<\/div>\n\t\t\t\t<div class=\"elementor-element elementor-element-4c5281c elementor-position-left elementor-view-default elementor-mobile-position-top elementor-vertical-align-top elementor-widget elementor-widget-icon-box\" data-id=\"4c5281c\" data-element_type=\"widget\" data-widget_type=\"icon-box.default\">\n\t\t\t\t<div class=\"elementor-widget-container\">\n\t\t\t\t\t\t\t<div class=\"elementor-icon-box-wrapper\">\n\n\t\t\t\t\t\t<div class=\"elementor-icon-box-icon\">\n\t\t\t\t<span  class=\"elementor-icon\">\n\t\t\t\t<i aria-hidden=\"true\" class=\"fas fa-user-alt\"><\/i>\t\t\t\t<\/span>\n\t\t\t<\/div>\n\t\t\t\n\t\t\t\t\t\t<div class=\"elementor-icon-box-content\">\n\n\t\t\t\t\n\t\t\t\t\t\t\t\t\t<p class=\"elementor-icon-box-description\">\n\t\t\t\t\t\tCoordonator - Marius Sp\u00eenoche\t\t\t\t\t<\/p>\n\t\t\t\t\n\t\t\t<\/div>\n\t\t\t\n\t\t<\/div>\n\t\t\t\t\t\t<\/div>\n\t\t\t\t<\/div>\n\t\t\t\t\t<\/div>\n\t\t<\/div>\n\t\t\t\t<div class=\"elementor-column elementor-col-33 elementor-top-column elementor-element elementor-element-ac2f521\" data-id=\"ac2f521\" data-element_type=\"column\">\n\t\t\t<div class=\"elementor-widget-wrap elementor-element-populated\">\n\t\t\t\t\t\t<div class=\"elementor-element elementor-element-47d23ee elementor-widget elementor-widget-text-editor\" data-id=\"47d23ee\" data-element_type=\"widget\" data-widget_type=\"text-editor.default\">\n\t\t\t\t<div class=\"elementor-widget-container\">\n\t\t\t\t\t\t\t\t\t<div class=\"elementor-element elementor-element-a371c09 elementor-widget elementor-widget-heading\" data-id=\"a371c09\" data-element_type=\"widget\" data-widget_type=\"heading.default\"><div class=\"elementor-widget-container\"><h4 class=\"elementor-heading-title elementor-size-default\">Compartimentul Logistic\u0103<\/h4><\/div><\/div><div class=\"elementor-element elementor-element-7471794 elementor-widget elementor-widget-text-editor\" data-id=\"7471794\" data-element_type=\"widget\" data-widget_type=\"text-editor.default\"><div class=\"elementor-widget-container\"><p><span style=\"color: #000000;\">\u00a0 \u00a0 Are ca atributii:<\/span><\/p><ul><li><span style=\"color: #000000;\">monitorizarea documentelor cu privire la activitatile serviciului<\/span><\/li><li><span style=\"color: #000000;\">administrarea echipamentelor din gestiunea proprie<\/span><\/li><li><span style=\"color: #000000;\">redactarea documentelor de initiere a achizitiilor de tehnica de calcul si echipamente de specialitate pentru reteaua de date si telefonie ASE<\/span><\/li><li><span style=\"color: #000000;\">urmarirea contractelor de produse si servicii care intra in responsabilitatea Serviciului Retele<\/span><\/li><\/ul><\/div><\/div>\t\t\t\t\t\t\t\t<\/div>\n\t\t\t\t<\/div>\n\t\t\t\t<div class=\"elementor-element elementor-element-f5315e1 elementor-position-left elementor-view-default elementor-mobile-position-top elementor-vertical-align-top elementor-widget elementor-widget-icon-box\" data-id=\"f5315e1\" data-element_type=\"widget\" data-widget_type=\"icon-box.default\">\n\t\t\t\t<div class=\"elementor-widget-container\">\n\t\t\t\t\t\t\t<div class=\"elementor-icon-box-wrapper\">\n\n\t\t\t\t\t\t<div class=\"elementor-icon-box-icon\">\n\t\t\t\t<span  class=\"elementor-icon\">\n\t\t\t\t<i aria-hidden=\"true\" class=\"fas fa-user-alt\"><\/i>\t\t\t\t<\/span>\n\t\t\t<\/div>\n\t\t\t\n\t\t\t\t\t\t<div class=\"elementor-icon-box-content\">\n\n\t\t\t\t\n\t\t\t\t\t\t\t\t\t<p class=\"elementor-icon-box-description\">\n\t\t\t\t\t\tCoordonator - Doina Dumitru\t\t\t\t\t<\/p>\n\t\t\t\t\n\t\t\t<\/div>\n\t\t\t\n\t\t<\/div>\n\t\t\t\t\t\t<\/div>\n\t\t\t\t<\/div>\n\t\t\t\t\t<\/div>\n\t\t<\/div>\n\t\t\t\t<div class=\"elementor-column elementor-col-33 elementor-top-column elementor-element elementor-element-39d54b9\" data-id=\"39d54b9\" data-element_type=\"column\">\n\t\t\t<div class=\"elementor-widget-wrap elementor-element-populated\">\n\t\t\t\t\t\t<div class=\"elementor-element elementor-element-077aba4 elementor-widget elementor-widget-text-editor\" data-id=\"077aba4\" data-element_type=\"widget\" data-widget_type=\"text-editor.default\">\n\t\t\t\t<div class=\"elementor-widget-container\">\n\t\t\t\t\t\t\t\t\t<div class=\"elementor-element elementor-element-3f88f94 elementor-widget elementor-widget-heading\" data-id=\"3f88f94\" data-element_type=\"widget\" data-widget_type=\"heading.default\"><div class=\"elementor-widget-container\"><h4 class=\"elementor-heading-title elementor-size-default\">Compartimentul Centru de Date \u0219i Comunica\u021bii<\/h4><\/div><\/div><div class=\"elementor-element elementor-element-4c2fb72 elementor-widget elementor-widget-text-editor\" data-id=\"4c2fb72\" data-element_type=\"widget\" data-widget_type=\"text-editor.default\"><div class=\"elementor-widget-container\"><p><span style=\"color: #000000;\">\u00a0 \u00a0 Are ca atributii:<\/span><\/p><ul><li><span style=\"color: #000000;\">administrarea Centrului de Date ASE<\/span><\/li><li><span style=\"color: #000000;\">asigurarea func\u021bion\u0103rii \u00een bune condi\u021bii a re\u021belei interne, a accesului la Internet<\/span><\/li><li><span style=\"color: #000000;\">asigurarea securit\u0103\u021bii re\u021belei de calculatoare din universitate<\/span><\/li><\/ul><\/div><\/div>\t\t\t\t\t\t\t\t<\/div>\n\t\t\t\t<\/div>\n\t\t\t\t<div class=\"elementor-element elementor-element-4c6620e elementor-position-left elementor-view-default elementor-mobile-position-top elementor-vertical-align-top elementor-widget elementor-widget-icon-box\" data-id=\"4c6620e\" data-element_type=\"widget\" data-widget_type=\"icon-box.default\">\n\t\t\t\t<div class=\"elementor-widget-container\">\n\t\t\t\t\t\t\t<div class=\"elementor-icon-box-wrapper\">\n\n\t\t\t\t\t\t<div class=\"elementor-icon-box-icon\">\n\t\t\t\t<span  class=\"elementor-icon\">\n\t\t\t\t<i aria-hidden=\"true\" class=\"fas fa-user-alt\"><\/i>\t\t\t\t<\/span>\n\t\t\t<\/div>\n\t\t\t\n\t\t\t\t\t\t<div class=\"elementor-icon-box-content\">\n\n\t\t\t\t\n\t\t\t\t\t\t\t\t\t<p class=\"elementor-icon-box-description\">\n\t\t\t\t\t\tCoordonator - Gabriel Mateiciuc\t\t\t\t\t<\/p>\n\t\t\t\t\n\t\t\t<\/div>\n\t\t\t\n\t\t<\/div>\n\t\t\t\t\t\t<\/div>\n\t\t\t\t<\/div>\n\t\t\t\t\t<\/div>\n\t\t<\/div>\n\t\t\t\t\t<\/div>\n\t\t<\/section>\n\t\t\t\t<\/div>\n\t\t","protected":false},"excerpt":{"rendered":"<p>Serviciul Retele Mediul IT din cadrul Academiei a fost, este \u0219i va fi \u00eentotdeuna corelat cu necesit\u0103\u021bile procesului de \u00eenv\u0103\u021b\u0103m\u00e2nt, asigur\u00e2nd \u00een acest fel cre\u0219terea calit\u0103\u021bii \u0219i performan\u021bei acestuia din urm\u0103. Serviciul Re\u021bele \u0219i-a propus s\u0103 sus\u021bin\u0103 ne\u00eencetat eforturile Academiei de a r\u0103m\u00e2ne cea mai prestigioas\u0103 institu\u021bie de \u00eenv\u0103\u021b\u0103m\u00e2nt superior din Rom\u00e2nia \u0219i de a [&hellip;]<\/p>\n","protected":false},"author":5,"featured_media":0,"parent":0,"menu_order":0,"comment_status":"closed","ping_status":"closed","template":"","meta":{"site-sidebar-layout":"no-sidebar","site-content-layout":"page-builder","ast-site-content-layout":"full-width-container","site-content-style":"unboxed","site-sidebar-style":"unboxed","ast-global-header-display":"","ast-banner-title-visibility":"","ast-main-header-display":"","ast-hfb-above-header-display":"","ast-hfb-below-header-display":"","ast-hfb-mobile-header-display":"","site-post-title":"disabled","ast-breadcrumbs-content":"","ast-featured-img":"disabled","footer-sml-layout":"","theme-transparent-header-meta":"enabled","adv-header-id-meta":"","stick-header-meta":"","header-above-stick-meta":"","header-main-stick-meta":"","header-below-stick-meta":"","astra-migrate-meta-layouts":"set","ast-page-background-enabled":"default","ast-page-background-meta":{"desktop":{"background-color":"","background-image":"","background-repeat":"repeat","background-position":"center center","background-size":"auto","background-attachment":"scroll","background-type":"","background-media":"","overlay-type":"","overlay-color":"","overlay-opacity":"","overlay-gradient":""},"tablet":{"background-color":"","background-image":"","background-repeat":"repeat","background-position":"center center","background-size":"auto","background-attachment":"scroll","background-type":"","background-media":"","overlay-type":"","overlay-color":"","overlay-opacity":"","overlay-gradient":""},"mobile":{"background-color":"","background-image":"","background-repeat":"repeat","background-position":"center center","background-size":"auto","background-attachment":"scroll","background-type":"","background-media":"","overlay-type":"","overlay-color":"","overlay-opacity":"","overlay-gradient":""}},"ast-content-background-meta":{"desktop":{"background-color":"var(--ast-global-color-5)","background-image":"","background-repeat":"repeat","background-position":"center center","background-size":"auto","background-attachment":"scroll","background-type":"","background-media":"","overlay-type":"","overlay-color":"","overlay-opacity":"","overlay-gradient":""},"tablet":{"background-color":"var(--ast-global-color-5)","background-image":"","background-repeat":"repeat","background-position":"center center","background-size":"auto","background-attachment":"scroll","background-type":"","background-media":"","overlay-type":"","overlay-color":"","overlay-opacity":"","overlay-gradient":""},"mobile":{"background-color":"var(--ast-global-color-5)","background-image":"","background-repeat":"repeat","background-position":"center center","background-size":"auto","background-attachment":"scroll","background-type":"","background-media":"","overlay-type":"","overlay-color":"","overlay-opacity":"","overlay-gradient":""}},"footnotes":""},"class_list":["post-1445","page","type-page","status-publish","hentry"],"_links":{"self":[{"href":"https:\/\/horace.ase.ro\/dtic\/wp-json\/wp\/v2\/pages\/1445","targetHints":{"allow":["GET"]}}],"collection":[{"href":"https:\/\/horace.ase.ro\/dtic\/wp-json\/wp\/v2\/pages"}],"about":[{"href":"https:\/\/horace.ase.ro\/dtic\/wp-json\/wp\/v2\/types\/page"}],"author":[{"embeddable":true,"href":"https:\/\/horace.ase.ro\/dtic\/wp-json\/wp\/v2\/users\/5"}],"replies":[{"embeddable":true,"href":"https:\/\/horace.ase.ro\/dtic\/wp-json\/wp\/v2\/comments?post=1445"}],"version-history":[{"count":29,"href":"https:\/\/horace.ase.ro\/dtic\/wp-json\/wp\/v2\/pages\/1445\/revisions"}],"predecessor-version":[{"id":1478,"href":"https:\/\/horace.ase.ro\/dtic\/wp-json\/wp\/v2\/pages\/1445\/revisions\/1478"}],"wp:attachment":[{"href":"https:\/\/horace.ase.ro\/dtic\/wp-json\/wp\/v2\/media?parent=1445"}],"curies":[{"name":"wp","href":"https:\/\/api.w.org\/{rel}","templated":true}]}}