{"id":132,"date":"2020-09-29T05:09:02","date_gmt":"2020-09-29T05:09:02","guid":{"rendered":"https:\/\/horace.ase.ro\/dtic\/features\/"},"modified":"2025-06-10T16:27:33","modified_gmt":"2025-06-10T13:27:33","slug":"echipa","status":"publish","type":"page","link":"https:\/\/horace.ase.ro\/dtic\/echipa\/","title":{"rendered":"Echipa"},"content":{"rendered":"\t\t<div data-elementor-type=\"wp-page\" data-elementor-id=\"132\" class=\"elementor elementor-132\">\n\t\t\t\t\t\t<section class=\"elementor-section elementor-top-section elementor-element elementor-element-59bebf1 elementor-section-boxed elementor-section-height-default elementor-section-height-default\" data-id=\"59bebf1\" data-element_type=\"section\" data-settings=\"{&quot;background_background&quot;:&quot;classic&quot;}\">\n\t\t\t\t\t\t\t<div class=\"elementor-background-overlay\"><\/div>\n\t\t\t\t\t\t\t<div class=\"elementor-container elementor-column-gap-no\">\n\t\t\t\t\t<div class=\"elementor-column elementor-col-100 elementor-top-column elementor-element elementor-element-5179d9a\" data-id=\"5179d9a\" data-element_type=\"column\">\n\t\t\t<div class=\"elementor-widget-wrap elementor-element-populated\">\n\t\t\t\t\t\t<div class=\"elementor-element elementor-element-3ee2a26 elementor-widget elementor-widget-heading\" data-id=\"3ee2a26\" data-element_type=\"widget\" data-widget_type=\"heading.default\">\n\t\t\t\t<div class=\"elementor-widget-container\">\n\t\t\t\t\t<h1 class=\"elementor-heading-title elementor-size-default\">Echipa<\/h1>\t\t\t\t<\/div>\n\t\t\t\t<\/div>\n\t\t\t\t\t<\/div>\n\t\t<\/div>\n\t\t\t\t\t<\/div>\n\t\t<\/section>\n\t\t\t\t<section class=\"elementor-section elementor-top-section elementor-element elementor-element-a419372 elementor-section-boxed elementor-section-height-default elementor-section-height-default\" data-id=\"a419372\" data-element_type=\"section\">\n\t\t\t\t\t\t<div class=\"elementor-container elementor-column-gap-default\">\n\t\t\t\t\t<div class=\"elementor-column elementor-col-100 elementor-top-column elementor-element elementor-element-cb27bbd\" data-id=\"cb27bbd\" data-element_type=\"column\">\n\t\t\t<div class=\"elementor-widget-wrap elementor-element-populated\">\n\t\t\t\t\t\t<div class=\"elementor-element elementor-element-e10d3f1 elementor-widget elementor-widget-spacer\" data-id=\"e10d3f1\" data-element_type=\"widget\" data-widget_type=\"spacer.default\">\n\t\t\t\t<div class=\"elementor-widget-container\">\n\t\t\t\t\t\t\t<div class=\"elementor-spacer\">\n\t\t\t<div class=\"elementor-spacer-inner\"><\/div>\n\t\t<\/div>\n\t\t\t\t\t\t<\/div>\n\t\t\t\t<\/div>\n\t\t\t\t<div class=\"elementor-element elementor-element-d55929f elementor-widget elementor-widget-heading\" data-id=\"d55929f\" data-element_type=\"widget\" data-widget_type=\"heading.default\">\n\t\t\t\t<div class=\"elementor-widget-container\">\n\t\t\t\t\t<h2 class=\"elementor-heading-title elementor-size-default\">Serviciul Informatica<\/h2>\t\t\t\t<\/div>\n\t\t\t\t<\/div>\n\t\t\t\t<div class=\"elementor-element elementor-element-45aeeae elementor-widget elementor-widget-text-editor\" data-id=\"45aeeae\" data-element_type=\"widget\" data-widget_type=\"text-editor.default\">\n\t\t\t\t<div class=\"elementor-widget-container\">\n\t\t\t\t\t\t\t\t\t<p>\u00a0 \u00a0 \u00a0Serviciul Informatica asigura suportul informatic pentru realizarea activitatilor legate de procesul de admitere, evidenta studenti, evidenta incasari si plati, cataloage, foi matricole, centralizatoare, suplimente la diploma, diplome , realizare site-uri.<\/p>\t\t\t\t\t\t\t\t<\/div>\n\t\t\t\t<\/div>\n\t\t\t\t\t<\/div>\n\t\t<\/div>\n\t\t\t\t\t<\/div>\n\t\t<\/section>\n\t\t\t\t<section class=\"elementor-section elementor-top-section elementor-element elementor-element-9633f46 elementor-section-boxed elementor-section-height-default elementor-section-height-default\" data-id=\"9633f46\" data-element_type=\"section\">\n\t\t\t\t\t\t<div class=\"elementor-container elementor-column-gap-default\">\n\t\t\t\t\t<div class=\"elementor-column elementor-col-50 elementor-top-column elementor-element elementor-element-546e96c\" data-id=\"546e96c\" data-element_type=\"column\">\n\t\t\t<div class=\"elementor-widget-wrap elementor-element-populated\">\n\t\t\t\t\t\t<div class=\"elementor-element elementor-element-4175afd elementor-widget elementor-widget-heading\" data-id=\"4175afd\" data-element_type=\"widget\" data-widget_type=\"heading.default\">\n\t\t\t\t<div class=\"elementor-widget-container\">\n\t\t\t\t\t<h4 class=\"elementor-heading-title elementor-size-default\">Compartimentul Baze de Date<\/h4>\t\t\t\t<\/div>\n\t\t\t\t<\/div>\n\t\t\t\t<div class=\"elementor-element elementor-element-9b95a63 elementor-widget elementor-widget-text-editor\" data-id=\"9b95a63\" data-element_type=\"widget\" data-widget_type=\"text-editor.default\">\n\t\t\t\t<div class=\"elementor-widget-container\">\n\t\t\t\t\t\t\t\t\t<p>Asigura suportul informatic pentru realizarea activitatilor legate de procesul de:<\/p><ul><li>admitere din cadrul ASE pentru toate formele de invatamant: invatamant cu frecventa in campus (finantat de la bugetul de stat si cu taxa), invatamant la distanta (atat pentru Bucuresti, cat si pentru centrele teritoriale), masterat, doctorat;<\/li><li>evidenta studenti si cursanti de la toate formele de invatamant: invatamant cu frecventa in campus (finantat de la bugetul de stat si cu taxa), invatamant la distanta (atat pentru Bucuresti, cat si pentru centrele teritoriale), masterat, doctorat, pentru cetatenii romani si pentru cei straini;<\/li><li>creare si distributie de carduri pentru studenti si personalul ASE;<\/li><li>evidenta a incasarilor si platilor, prin casierii si banci;<\/li><li>evidenta a activitatilor de secretariat desfasurate la nivelul facultatilor si programelor de pregatire postuniversitara: cataloage, foi matricole, centralizatoare, suplimente de diploma, diplome;<\/li><li>arhivare si istoric al activitatilor desfasurate in cadrul ASE, la nivel informatic;<\/li><li>realizare si mentenanta a aplicatiilor necesare activitatii ASE la nivel adminstrativ, pentru: serviciul financiar-contabilitate, personal, salarizare, carduri, editura, aprovizionare;<\/li><li>administrare a bazelor de date folosite de celelalte servicii din cadrul ASE, o buna functionare a serverelor, a sistemelor de operare si a aplicatiilor de sistem; realizare periodica a backup-urilor; intretinerea tehnicii de calcul si evidenta echipamentelor din cadrul institutiei.<\/li><\/ul>\t\t\t\t\t\t\t\t<\/div>\n\t\t\t\t<\/div>\n\t\t\t\t\t<\/div>\n\t\t<\/div>\n\t\t\t\t<div class=\"elementor-column elementor-col-50 elementor-top-column elementor-element elementor-element-30eb4c9\" data-id=\"30eb4c9\" data-element_type=\"column\">\n\t\t\t<div class=\"elementor-widget-wrap elementor-element-populated\">\n\t\t\t\t\t\t<div class=\"elementor-element elementor-element-6b1b5af elementor-widget elementor-widget-heading\" data-id=\"6b1b5af\" data-element_type=\"widget\" data-widget_type=\"heading.default\">\n\t\t\t\t<div class=\"elementor-widget-container\">\n\t\t\t\t\t<h4 class=\"elementor-heading-title elementor-size-default\">Compartimentul Aplica\u021bii \u0219i Site-uri WEB<\/h4>\t\t\t\t<\/div>\n\t\t\t\t<\/div>\n\t\t\t\t<div class=\"elementor-element elementor-element-4d34422 elementor-widget elementor-widget-text-editor\" data-id=\"4d34422\" data-element_type=\"widget\" data-widget_type=\"text-editor.default\">\n\t\t\t\t<div class=\"elementor-widget-container\">\n\t\t\t\t\t\t\t\t\t<p>Are urmatoarele atributii:<\/p>\n<ul>\n<li>conceperea structurii de principiu a continutului site-ului&nbsp;<a href=\"https:\/\/web.archive.org\/web\/20170625123231\/http:\/\/www.ase.ro\/\"><b>www.ase.ro<\/b><\/a>;<\/li>\n<li>realizarea tehnica a site-ului&nbsp;<a href=\"https:\/\/web.archive.org\/web\/20170625123231\/http:\/\/www.ase.ro\/\"><b>www.ase.ro<\/b><\/a>, intretinerea permanenta a serviciilor si aplicatiilor sale;<\/li>\n<li>asigurarea variantei optime de e-marketing de servicii universitare, oferite de ASE;<\/li>\n<li>asigurarea serviciilor web necesare procesului de admitere (inclusiv preinscriere online);<\/li>\n<li>realizarea si diversificarea activitatii de invatamant desfasurata pe platforma de e-learning a ASE&nbsp;<a href=\"https:\/\/web.archive.org\/web\/20170625123231\/http:\/\/online.ase.ro\/\" target=\"_blank\" rel=\"noreferrer noopener\"><b>online.ase.ro<\/b><\/a>; asigurarea suportului logistic, monitorizarea activitatii de e-learning, training-ul participantilor, elaborarea ghidului cursantului si profesorului care folosesc tehnologii de predare\/invatare la distanta;<\/li>\n<li>implementarea variantei in limba engleza a site-ului&nbsp;<a href=\"https:\/\/web.archive.org\/web\/20170625123231\/http:\/\/www.ase.ro\/\"><b>www.ase.ro<\/b><\/a>;<\/li>\n<\/ul>\t\t\t\t\t\t\t\t<\/div>\n\t\t\t\t<\/div>\n\t\t\t\t\t<\/div>\n\t\t<\/div>\n\t\t\t\t\t<\/div>\n\t\t<\/section>\n\t\t\t\t<section class=\"elementor-section elementor-top-section elementor-element elementor-element-100f275 elementor-section-boxed elementor-section-height-default elementor-section-height-default\" data-id=\"100f275\" data-element_type=\"section\">\n\t\t\t\t\t\t<div class=\"elementor-container elementor-column-gap-default\">\n\t\t\t\t\t<div class=\"elementor-column elementor-col-100 elementor-top-column elementor-element elementor-element-2e39ecc\" data-id=\"2e39ecc\" data-element_type=\"column\">\n\t\t\t<div class=\"elementor-widget-wrap elementor-element-populated\">\n\t\t\t\t\t\t<div class=\"elementor-element elementor-element-b5f8141 elementor-widget-divider--view-line elementor-widget elementor-widget-divider\" data-id=\"b5f8141\" data-element_type=\"widget\" data-widget_type=\"divider.default\">\n\t\t\t\t<div class=\"elementor-widget-container\">\n\t\t\t\t\t\t\t<div class=\"elementor-divider\">\n\t\t\t<span class=\"elementor-divider-separator\">\n\t\t\t\t\t\t<\/span>\n\t\t<\/div>\n\t\t\t\t\t\t<\/div>\n\t\t\t\t<\/div>\n\t\t\t\t\t<\/div>\n\t\t<\/div>\n\t\t\t\t\t<\/div>\n\t\t<\/section>\n\t\t\t\t<section class=\"elementor-section elementor-top-section elementor-element elementor-element-adf512e elementor-section-boxed elementor-section-height-default elementor-section-height-default\" data-id=\"adf512e\" data-element_type=\"section\">\n\t\t\t\t\t\t<div class=\"elementor-container elementor-column-gap-default\">\n\t\t\t\t\t<div class=\"elementor-column elementor-col-100 elementor-top-column elementor-element elementor-element-a2695dc\" data-id=\"a2695dc\" data-element_type=\"column\">\n\t\t\t<div class=\"elementor-widget-wrap elementor-element-populated\">\n\t\t\t\t\t\t<div class=\"elementor-element elementor-element-257d7fb elementor-widget elementor-widget-spacer\" data-id=\"257d7fb\" data-element_type=\"widget\" data-widget_type=\"spacer.default\">\n\t\t\t\t<div class=\"elementor-widget-container\">\n\t\t\t\t\t\t\t<div class=\"elementor-spacer\">\n\t\t\t<div class=\"elementor-spacer-inner\"><\/div>\n\t\t<\/div>\n\t\t\t\t\t\t<\/div>\n\t\t\t\t<\/div>\n\t\t\t\t<div class=\"elementor-element elementor-element-7a193e2 elementor-widget elementor-widget-heading\" data-id=\"7a193e2\" data-element_type=\"widget\" data-widget_type=\"heading.default\">\n\t\t\t\t<div class=\"elementor-widget-container\">\n\t\t\t\t\t<h2 class=\"elementor-heading-title elementor-size-default\">Serviciul Re\u021bele<\/h2>\t\t\t\t<\/div>\n\t\t\t\t<\/div>\n\t\t\t\t<div class=\"elementor-element elementor-element-8f10cad elementor-widget elementor-widget-text-editor\" data-id=\"8f10cad\" data-element_type=\"widget\" data-widget_type=\"text-editor.default\">\n\t\t\t\t<div class=\"elementor-widget-container\">\n\t\t\t\t\t\t\t\t\t<p>\u00a0 \u00a0 \u00a0Mediul IT din cadrul Academiei a fost, este \u0219i va fi \u00eentotdeuna corelat cu necesit\u0103\u021bile procesului de \u00eenv\u0103\u021b\u0103m\u00e2nt, asigur\u00e2nd \u00een acest fel cre\u0219terea calit\u0103\u021bii \u0219i performan\u021bei acestuia din urm\u0103. Serviciul Re\u021bele \u0219i-a propus s\u0103 sus\u021bin\u0103 ne\u00eencetat eforturile Academiei de a r\u0103m\u00e2ne cea mai prestigioas\u0103 institu\u021bie de \u00eenv\u0103\u021b\u0103m\u00e2nt superior din Rom\u00e2nia \u0219i de a se califica printre primele institu\u021bii de \u00eenv\u0103\u021b\u0103m\u00e2nt superior din Europa.<\/p><p>\u00a0 \u00a0 \u00a0Serviciul Retele are obiectivul de a asigura un mediu IT performant si competitiv care sa asigure utilizatorilor sai (profesori, studenti, angajati) echipamentele si software-ul necesare desfasurarii activitatii precum si usurinta \u00een exploatare a acestora.<\/p><p>\u00a0 \u00a0 \u00a0Serviciul Retele si-a propus sa sustina neincetat eforturile Academiei de a ram\u00e2ne cea mai prestigioasa institutie de \u00eenvatam\u00e2nt superior din Rom\u00e2nia si de a se califica printre primele institutii de \u00eenvatam\u00e2nt superior din Europa.<\/p>\t\t\t\t\t\t\t\t<\/div>\n\t\t\t\t<\/div>\n\t\t\t\t\t<\/div>\n\t\t<\/div>\n\t\t\t\t\t<\/div>\n\t\t<\/section>\n\t\t\t\t<section class=\"elementor-section elementor-top-section elementor-element elementor-element-ec6151d elementor-section-boxed elementor-section-height-default elementor-section-height-default\" data-id=\"ec6151d\" data-element_type=\"section\">\n\t\t\t\t\t\t<div class=\"elementor-container elementor-column-gap-default\">\n\t\t\t\t\t<div class=\"elementor-column elementor-col-33 elementor-top-column elementor-element elementor-element-38429a9\" data-id=\"38429a9\" data-element_type=\"column\">\n\t\t\t<div class=\"elementor-widget-wrap elementor-element-populated\">\n\t\t\t\t\t\t<div class=\"elementor-element elementor-element-fcff565 elementor-widget elementor-widget-heading\" data-id=\"fcff565\" data-element_type=\"widget\" data-widget_type=\"heading.default\">\n\t\t\t\t<div class=\"elementor-widget-container\">\n\t\t\t\t\t<h4 class=\"elementor-heading-title elementor-size-default\">Compartimentul Suport Tehnic<\/h4>\t\t\t\t<\/div>\n\t\t\t\t<\/div>\n\t\t\t\t<div class=\"elementor-element elementor-element-324d53e elementor-widget elementor-widget-text-editor\" data-id=\"324d53e\" data-element_type=\"widget\" data-widget_type=\"text-editor.default\">\n\t\t\t\t<div class=\"elementor-widget-container\">\n\t\t\t\t\t\t\t\t\t<p>Are ca atributii:<\/p><ul><li>acordarea de sprijin tehnic \u00een procesul de utilizare a re\u021belei interne a universit\u0103\u021bii<\/li><li>asigurarea func\u021bion\u0103rii \u00een bune condi\u021bii a re\u021belei interne, a accesului la Internet \u0219i a configura\u021biei posturilor de lucru<\/li><\/ul>\t\t\t\t\t\t\t\t<\/div>\n\t\t\t\t<\/div>\n\t\t\t\t\t<\/div>\n\t\t<\/div>\n\t\t\t\t<div class=\"elementor-column elementor-col-33 elementor-top-column elementor-element elementor-element-77d8cdb\" data-id=\"77d8cdb\" data-element_type=\"column\">\n\t\t\t<div class=\"elementor-widget-wrap elementor-element-populated\">\n\t\t\t\t\t\t<div class=\"elementor-element elementor-element-a371c09 elementor-widget elementor-widget-heading\" data-id=\"a371c09\" data-element_type=\"widget\" data-widget_type=\"heading.default\">\n\t\t\t\t<div class=\"elementor-widget-container\">\n\t\t\t\t\t<h4 class=\"elementor-heading-title elementor-size-default\">Compartimentul Logistic\u0103<\/h4>\t\t\t\t<\/div>\n\t\t\t\t<\/div>\n\t\t\t\t<div class=\"elementor-element elementor-element-7471794 elementor-widget elementor-widget-text-editor\" data-id=\"7471794\" data-element_type=\"widget\" data-widget_type=\"text-editor.default\">\n\t\t\t\t<div class=\"elementor-widget-container\">\n\t\t\t\t\t\t\t\t\t<p>Are ca atributii:<\/p><ul><li>monitorizarea documentelor cu privire la activitatile serviciului<\/li><li>administrarea echipamentelor din gestiunea proprie<\/li><li>redactarea documentelor de initiere a achizitiilor de tehnica de calcul si echipamente de specialitate pentru reteaua de date si telefonie ASE<\/li><li>urmarirea contractelor de produse si servicii care intra in responsabilitatea Serviciului Retele<\/li><\/ul>\t\t\t\t\t\t\t\t<\/div>\n\t\t\t\t<\/div>\n\t\t\t\t\t<\/div>\n\t\t<\/div>\n\t\t\t\t<div class=\"elementor-column elementor-col-33 elementor-top-column elementor-element elementor-element-e167dae\" data-id=\"e167dae\" data-element_type=\"column\">\n\t\t\t<div class=\"elementor-widget-wrap elementor-element-populated\">\n\t\t\t\t\t\t<div class=\"elementor-element elementor-element-3f88f94 elementor-widget elementor-widget-heading\" data-id=\"3f88f94\" data-element_type=\"widget\" data-widget_type=\"heading.default\">\n\t\t\t\t<div class=\"elementor-widget-container\">\n\t\t\t\t\t<h4 class=\"elementor-heading-title elementor-size-default\">Compartimentul Centru de Date \u0219i Comunica\u021bii<\/h4>\t\t\t\t<\/div>\n\t\t\t\t<\/div>\n\t\t\t\t<div class=\"elementor-element elementor-element-4c2fb72 elementor-widget elementor-widget-text-editor\" data-id=\"4c2fb72\" data-element_type=\"widget\" data-widget_type=\"text-editor.default\">\n\t\t\t\t<div class=\"elementor-widget-container\">\n\t\t\t\t\t\t\t\t\t<p>Are ca atributii:<\/p><ul><li>administrarea Centrului de Date ASE<\/li><li>asigurarea func\u021bion\u0103rii \u00een bune condi\u021bii a re\u021belei interne, a accesului la Internet<\/li><li>asigurarea securit\u0103\u021bii re\u021belei de calculatoare din universitate<\/li><\/ul>\t\t\t\t\t\t\t\t<\/div>\n\t\t\t\t<\/div>\n\t\t\t\t\t<\/div>\n\t\t<\/div>\n\t\t\t\t\t<\/div>\n\t\t<\/section>\n\t\t\t\t<\/div>\n\t\t","protected":false},"excerpt":{"rendered":"<p>Echipa Serviciul Informatica \u00a0 \u00a0 \u00a0Serviciul Informatica asigura suportul informatic pentru realizarea activitatilor legate de procesul de admitere, evidenta studenti, evidenta incasari si plati, cataloage, foi matricole, centralizatoare, suplimente la diploma, diplome , realizare site-uri. Compartimentul Baze de Date Asigura suportul informatic pentru realizarea activitatilor legate de procesul de: admitere din cadrul ASE pentru toate [&hellip;]<\/p>\n","protected":false},"author":1,"featured_media":0,"parent":0,"menu_order":0,"comment_status":"closed","ping_status":"closed","template":"","meta":{"site-sidebar-layout":"no-sidebar","site-content-layout":"page-builder","ast-site-content-layout":"full-width-container","site-content-style":"unboxed","site-sidebar-style":"unboxed","ast-global-header-display":"","ast-banner-title-visibility":"","ast-main-header-display":"","ast-hfb-above-header-display":"","ast-hfb-below-header-display":"","ast-hfb-mobile-header-display":"","site-post-title":"disabled","ast-breadcrumbs-content":"","ast-featured-img":"disabled","footer-sml-layout":"","theme-transparent-header-meta":"enabled","adv-header-id-meta":"","stick-header-meta":"","header-above-stick-meta":"","header-main-stick-meta":"","header-below-stick-meta":"","astra-migrate-meta-layouts":"set","ast-page-background-enabled":"default","ast-page-background-meta":{"desktop":{"background-color":"","background-image":"","background-repeat":"repeat","background-position":"center center","background-size":"auto","background-attachment":"scroll","background-type":"","background-media":"","overlay-type":"","overlay-color":"","overlay-opacity":"","overlay-gradient":""},"tablet":{"background-color":"","background-image":"","background-repeat":"repeat","background-position":"center center","background-size":"auto","background-attachment":"scroll","background-type":"","background-media":"","overlay-type":"","overlay-color":"","overlay-opacity":"","overlay-gradient":""},"mobile":{"background-color":"","background-image":"","background-repeat":"repeat","background-position":"center center","background-size":"auto","background-attachment":"scroll","background-type":"","background-media":"","overlay-type":"","overlay-color":"","overlay-opacity":"","overlay-gradient":""}},"ast-content-background-meta":{"desktop":{"background-color":"var(--ast-global-color-5)","background-image":"","background-repeat":"repeat","background-position":"center center","background-size":"auto","background-attachment":"scroll","background-type":"","background-media":"","overlay-type":"","overlay-color":"","overlay-opacity":"","overlay-gradient":""},"tablet":{"background-color":"var(--ast-global-color-5)","background-image":"","background-repeat":"repeat","background-position":"center center","background-size":"auto","background-attachment":"scroll","background-type":"","background-media":"","overlay-type":"","overlay-color":"","overlay-opacity":"","overlay-gradient":""},"mobile":{"background-color":"var(--ast-global-color-5)","background-image":"","background-repeat":"repeat","background-position":"center center","background-size":"auto","background-attachment":"scroll","background-type":"","background-media":"","overlay-type":"","overlay-color":"","overlay-opacity":"","overlay-gradient":""}},"footnotes":""},"class_list":["post-132","page","type-page","status-publish","hentry"],"_links":{"self":[{"href":"https:\/\/horace.ase.ro\/dtic\/wp-json\/wp\/v2\/pages\/132","targetHints":{"allow":["GET"]}}],"collection":[{"href":"https:\/\/horace.ase.ro\/dtic\/wp-json\/wp\/v2\/pages"}],"about":[{"href":"https:\/\/horace.ase.ro\/dtic\/wp-json\/wp\/v2\/types\/page"}],"author":[{"embeddable":true,"href":"https:\/\/horace.ase.ro\/dtic\/wp-json\/wp\/v2\/users\/1"}],"replies":[{"embeddable":true,"href":"https:\/\/horace.ase.ro\/dtic\/wp-json\/wp\/v2\/comments?post=132"}],"version-history":[{"count":46,"href":"https:\/\/horace.ase.ro\/dtic\/wp-json\/wp\/v2\/pages\/132\/revisions"}],"predecessor-version":[{"id":1704,"href":"https:\/\/horace.ase.ro\/dtic\/wp-json\/wp\/v2\/pages\/132\/revisions\/1704"}],"wp:attachment":[{"href":"https:\/\/horace.ase.ro\/dtic\/wp-json\/wp\/v2\/media?parent=132"}],"curies":[{"name":"wp","href":"https:\/\/api.w.org\/{rel}","templated":true}]}}